{"id":8,"date":"2023-06-18T21:23:24","date_gmt":"2023-06-19T02:23:24","guid":{"rendered":"https:\/\/mujerforestal.com\/natbios\/?page_id=8"},"modified":"2024-07-12T11:49:22","modified_gmt":"2024-07-12T16:49:22","slug":"quienes-somos","status":"publish","type":"page","link":"https:\/\/natbios.org\/index.php\/quienes-somos\/","title":{"rendered":"Sobre Nosotros"},"content":{"rendered":"\n<p><strong>NatB\u00edos<\/strong> es una organizaci\u00f3n sin fines de lucro con sede en Colombia, que nace en 2019, despu\u00e9s que en 2013 una so\u00f1adora apasionada por la naturaleza y por servir, empieza a replantear sus prioridades de vida tras enfrentar dos situaciones complejas de salud en su familia y luego en 2017 convertirse en mam\u00e1. Su deseo de un cambio profundo se hizo m\u00e1s fuerte e inici\u00f3 con un grupo de amigos a trabajar para aportar en la construcci\u00f3n de un mundo o \u201ccasa com\u00fan\u201d mejor para todos.<\/p>\n\n\n\n<p>Nuestra <strong>misi\u00f3n, <\/strong>es trabajar en pro de las comunidades locales y la naturaleza, para detener la degradaci\u00f3n ambiental a partir de la construcci\u00f3n de estrategias&nbsp; sustentables basadas en las din\u00e1micas que emergen de las relaciones entre los sistemas sociales y ecol\u00f3gicos.<\/p>\n\n\n\n<p>Como <strong>visi\u00f3n <\/strong>proyectamos que para 2025 la Fundaci\u00f3n NatB\u00edos ser\u00e1 reconocida en 3 regiones de Colombia, como una organizaci\u00f3n confiable, que en alianza con las comunidades locales presenta diferentes visiones para manejar los bienes naturales y propiciar un desarrollo sustentable basado en la inclusi\u00f3n, visibilizaci\u00f3n y participaci\u00f3n de diferentes actores interesados en evitar la degradaci\u00f3n ambiental.<\/p>\n\n\n\n<p>&nbsp;<\/p>\n\n\n\n<p>&nbsp;<\/p>\n\n\n\n<div class=\"wp-block-cover alignfull is-light wp-duotone-rgba33409-rgb105180195-1\" style=\"min-height:582px;aspect-ratio:unset;\"><span aria-hidden=\"true\" class=\"wp-block-cover__background has-background-dim-30 has-background-dim\" style=\"background-color:#0d2a3b\"><\/span><img loading=\"lazy\" decoding=\"async\" width=\"1600\" height=\"1600\" class=\"wp-block-cover__image-background wp-image-109\" alt=\"\" src=\"https:\/\/mujerforestal.com\/natbios\/wp-content\/uploads\/2023\/06\/Imagen-de-WhatsApp-2023-06-20-a-las-19.59.20.jpg\" style=\"object-position:48% 14%\" data-object-fit=\"cover\" data-object-position=\"48% 14%\" srcset=\"https:\/\/natbios.org\/wp-content\/uploads\/2023\/06\/Imagen-de-WhatsApp-2023-06-20-a-las-19.59.20.jpg 1600w, https:\/\/natbios.org\/wp-content\/uploads\/2023\/06\/Imagen-de-WhatsApp-2023-06-20-a-las-19.59.20-300x300.jpg 300w, https:\/\/natbios.org\/wp-content\/uploads\/2023\/06\/Imagen-de-WhatsApp-2023-06-20-a-las-19.59.20-1024x1024.jpg 1024w, https:\/\/natbios.org\/wp-content\/uploads\/2023\/06\/Imagen-de-WhatsApp-2023-06-20-a-las-19.59.20-150x150.jpg 150w, https:\/\/natbios.org\/wp-content\/uploads\/2023\/06\/Imagen-de-WhatsApp-2023-06-20-a-las-19.59.20-768x768.jpg 768w, https:\/\/natbios.org\/wp-content\/uploads\/2023\/06\/Imagen-de-WhatsApp-2023-06-20-a-las-19.59.20-1536x1536.jpg 1536w\" sizes=\"auto, (max-width: 1600px) 100vw, 1600px\" \/><div class=\"wp-block-cover__inner-container is-layout-flow wp-block-cover-is-layout-flow\">\n<p class=\"has-text-align-center has-white-color has-text-color has-medium-font-size\">A\u00fan podemos Salvar nuestro pa\u00eds, nuestro planeta<\/p>\n\n\n\n<p class=\"has-text-align-center\"><span style=\"color: #ffffff;\">Trabajemos juntos por nuestra casa com\u00fan. En NatB\u00edos desde una perspectiva hol\u00edstica, planteamos soluciones innovadoras centradas en las necesidades de los territorios bas\u00e1ndonos en valores de: respeto, experiencia, confianza, empat\u00eda, responsabilidad y perseverancia.<\/span><\/p>\n\n\n\n<p class=\"has-white-color has-text-color\">&nbsp;<\/p>\n<\/div><\/div>\n\n\n\n<div style=\"height:50px\" aria-hidden=\"true\" class=\"wp-block-spacer\"><\/div>\n\n\n\n<hr class=\"wp-block-separator has-alpha-channel-opacity is-style-wide\"\/>\n\n\n\n<div style=\"height:40px\" aria-hidden=\"true\" class=\"wp-block-spacer\"><\/div>\n\n\n\n<p class=\"has-text-align-center has-large-font-size\">Registro DIAN<\/p>\n\n\n\n<div style=\"height:40px\" aria-hidden=\"true\" class=\"wp-block-spacer\"><\/div>\n\n\n\n<div class=\"wp-block-columns is-layout-flex wp-container-core-columns-is-layout-9d6595d7 wp-block-columns-is-layout-flex\">\n<div class=\"wp-block-column is-layout-flow wp-block-column-is-layout-flow\">\n<div class=\"wp-block-group is-vertical is-content-justification-center is-layout-flex wp-container-core-group-is-layout-4b2eccd6 wp-block-group-is-layout-flex\">\n<p>Estatutos FNB<\/p>\n\n\n\n<div style=\"height:0px\" aria-hidden=\"true\" class=\"wp-block-spacer wp-container-content-728072c3\"><\/div>\n\n\n\n<figure class=\"wp-block-image size-full is-resized is-style-default\"><a href=\"https:\/\/natbios.org\/wp-content\/uploads\/2023\/07\/4_Estatutos_FNB.pdf\" target=\"_blank\" rel=\"https:\/\/natbios.org\/wp-content\/uploads\/2023\/07\/4_Estatutos_FNB.pdf noopener\"><img loading=\"lazy\" decoding=\"async\" width=\"144\" height=\"145\" src=\"https:\/\/natbios.org\/wp-content\/uploads\/2023\/07\/Inicio.png\" alt=\"\" class=\"wp-image-333\" style=\"width:105px;height:105px\"\/><\/a><\/figure>\n<\/div>\n<\/div>\n\n\n\n<div class=\"wp-block-column is-layout-flow wp-block-column-is-layout-flow\">\n<div class=\"wp-block-group is-vertical is-content-justification-center is-layout-flex wp-container-core-group-is-layout-4b2eccd6 wp-block-group-is-layout-flex\">\n<p class=\"has-text-align-left\">Certificado CCB<\/p>\n\n\n\n<div style=\"height:0px\" aria-hidden=\"true\" class=\"wp-block-spacer wp-container-content-728072c3\"><\/div>\n\n\n\n<figure class=\"wp-block-image size-full is-resized\"><a href=\"https:\/\/natbios.org\/wp-content\/uploads\/2024\/07\/CCB_2024.pdf\" target=\"_blank\" rel=\"https:\/\/natbios.org\/wp-content\/uploads\/2024\/07\/CCB_2024.pdf noopener\"><img loading=\"lazy\" decoding=\"async\" width=\"144\" height=\"145\" src=\"https:\/\/natbios.org\/wp-content\/uploads\/2023\/07\/Inicio.png\" alt=\"\" class=\"wp-image-333\" style=\"width:105px;height:105px\"\/><\/a><\/figure>\n<\/div>\n<\/div>\n\n\n\n<div class=\"wp-block-column is-vertically-aligned-center is-layout-flow wp-block-column-is-layout-flow\">\n<div class=\"wp-block-group is-vertical is-content-justification-center is-layout-flex wp-container-core-group-is-layout-4b2eccd6 wp-block-group-is-layout-flex\">\n<p class=\"has-text-align-center\">Certificado Antecedentes<\/p>\n\n\n\n<div style=\"height:0px\" aria-hidden=\"true\" class=\"wp-block-spacer wp-container-content-eff6f568\"><\/div>\n\n\n\n<figure class=\"wp-block-image size-full is-resized\"><a href=\"https:\/\/natbios.org\/wp-content\/uploads\/2024\/07\/CERTIFICADO-DE-ANTECEDENTES_POLICIA.pdf\" target=\"_blank\" rel=\"https:\/\/natbios.org\/wp-content\/uploads\/2024\/07\/CERTIFICADO-DE-ANTECEDENTES_POLICIA.pdf noopener\"><img loading=\"lazy\" decoding=\"async\" width=\"144\" height=\"145\" src=\"https:\/\/natbios.org\/wp-content\/uploads\/2023\/07\/Inicio.png\" alt=\"\" class=\"wp-image-333\" style=\"width:105px;height:105px\"\/><\/a><\/figure>\n<\/div>\n<\/div>\n\n\n\n<div class=\"wp-block-column is-layout-flow wp-block-column-is-layout-flow\">\n<div class=\"wp-block-group is-vertical is-content-justification-center is-layout-flex wp-container-core-group-is-layout-4b2eccd6 wp-block-group-is-layout-flex\">\n<p class=\"has-text-align-center\">Estado Finanzas 2022-2023<\/p>\n\n\n\n<div style=\"height:0px\" aria-hidden=\"true\" class=\"wp-block-spacer wp-container-content-eff6f568\"><\/div>\n\n\n\n<figure class=\"wp-block-image size-full is-resized\"><a href=\"https:\/\/natbios.org\/wp-content\/uploads\/2024\/07\/Natbios-EEFF-ANO-2023-2022.pdf\" target=\"_blank\" rel=\"https:\/\/natbios.org\/wp-content\/uploads\/2023\/07\/Natbios-EEFF-ANO-2022-2021.pdf noopener\"><img loading=\"lazy\" decoding=\"async\" width=\"144\" height=\"145\" src=\"https:\/\/natbios.org\/wp-content\/uploads\/2023\/07\/Inicio.png\" alt=\"\" class=\"wp-image-333\" style=\"width:105px;height:105px\"\/><\/a><\/figure>\n<\/div>\n<\/div>\n\n\n\n<div class=\"wp-block-column is-layout-flow wp-block-column-is-layout-flow\">\n<div class=\"wp-block-group is-vertical is-content-justification-center is-layout-flex wp-container-core-group-is-layout-4b2eccd6 wp-block-group-is-layout-flex\">\n<p>Registro WEB<\/p>\n\n\n\n<div style=\"height:0px\" aria-hidden=\"true\" class=\"wp-block-spacer wp-container-content-728072c3\"><\/div>\n\n\n\n<figure class=\"wp-block-image size-full is-resized\"><a href=\"https:\/\/natbios.org\/wp-content\/uploads\/2024\/07\/CERTIFICACION-DE-ANTECEDENTES.pdf\" target=\"_blank\" rel=\"https:\/\/natbios.org\/wp-content\/uploads\/2023\/07\/REQUISITOS-REGISTRO-WEB.pdf noopener\"><img loading=\"lazy\" decoding=\"async\" width=\"144\" height=\"145\" src=\"https:\/\/natbios.org\/wp-content\/uploads\/2023\/07\/Inicio.png\" alt=\"\" class=\"wp-image-333\" style=\"width:105px;height:105px\"\/><\/a><\/figure>\n<\/div>\n<\/div>\n<\/div>\n\n\n\n<div style=\"height:20px\" aria-hidden=\"true\" class=\"wp-block-spacer\"><\/div>\n\n\n\n<div class=\"wp-block-columns is-layout-flex wp-container-core-columns-is-layout-9d6595d7 wp-block-columns-is-layout-flex\">\n<div class=\"wp-block-column is-layout-flow wp-block-column-is-layout-flow\">\n<div style=\"height:5px\" aria-hidden=\"true\" class=\"wp-block-spacer\"><\/div>\n<\/div>\n\n\n\n<div class=\"wp-block-column is-layout-flow wp-block-column-is-layout-flow\">\n<div class=\"wp-block-group is-vertical is-content-justification-center is-layout-flex wp-container-core-group-is-layout-4b2eccd6 wp-block-group-is-layout-flex\">\n<p class=\"has-text-align-center\"><a href=\"http:\/\/natbios.org\/index.php\/2023\/08\/14\/actas\/\" title=\"Actas\">Actas<\/a><\/p>\n\n\n\n<figure class=\"wp-block-image size-full is-resized\"><a href=\"http:\/\/natbios.org\/index.php\/2023\/08\/14\/actas\/\" target=\"_blank\" rel=\"https:\/\/natbios.org\/wp-content\/uploads\/2023\/07\/Acta-de-Constitucion-FNB_compressed-1.pdf noopener\"><img loading=\"lazy\" decoding=\"async\" width=\"144\" height=\"145\" src=\"https:\/\/natbios.org\/wp-content\/uploads\/2023\/07\/Inicio.png\" alt=\"\" class=\"wp-image-333\" style=\"width:105px;height:105px\"\/><\/a><\/figure>\n<\/div>\n<\/div>\n\n\n\n<div class=\"wp-block-column is-layout-flow wp-block-column-is-layout-flow\">\n<div class=\"wp-block-group is-vertical is-content-justification-center is-layout-flex wp-container-core-group-is-layout-4b2eccd6 wp-block-group-is-layout-flex\">\n<p>Declaraci\u00f3n de Renta<\/p>\n\n\n\n<figure class=\"wp-block-image size-full is-resized\"><a href=\"https:\/\/natbios.org\/wp-content\/uploads\/2024\/07\/DECLARACION-DE-RENTA-AG-2023.pdf\" target=\"_blank\" rel=\"https:\/\/natbios.org\/wp-content\/uploads\/2024\/07\/DECLARACION-DE-RENTA-AG-2023.pdf noopener\"><img loading=\"lazy\" decoding=\"async\" width=\"144\" height=\"145\" src=\"https:\/\/natbios.org\/wp-content\/uploads\/2023\/07\/Inicio.png\" alt=\"\" class=\"wp-image-333\" style=\"width:105px;height:105px\"\/><\/a><\/figure>\n<\/div>\n<\/div>\n\n\n\n<div class=\"wp-block-column is-layout-flow wp-block-column-is-layout-flow\">\n<p>Informe de Gesti\u00f3n 2023<\/p>\n\n\n\n<figure class=\"wp-block-image size-full is-resized\"><a href=\"https:\/\/natbios.org\/wp-content\/uploads\/2024\/07\/InformeGestion_FNB2023.pdf\" target=\"_blank\" rel=\"https:\/\/natbios.org\/wp-content\/uploads\/2024\/07\/InformeGestion_FNB2023.pdf noreferrer noopener\"><img loading=\"lazy\" decoding=\"async\" width=\"144\" height=\"145\" src=\"https:\/\/natbios.org\/wp-content\/uploads\/2023\/07\/Inicio.png\" alt=\"\" class=\"wp-image-333\" style=\"width:106px;height:auto\"\/><\/a><\/figure>\n<\/div>\n<\/div>\n","protected":false},"excerpt":{"rendered":"<p>NatB\u00edos es una organizaci\u00f3n sin fines de lucro con sede en Colombia, que nace en 2019, despu\u00e9s que en 2013&hellip;<\/p>\n","protected":false},"author":1,"featured_media":73,"parent":0,"menu_order":0,"comment_status":"closed","ping_status":"closed","template":"","meta":{"_monsterinsights_skip_tracking":false,"_monsterinsights_sitenote_active":false,"_monsterinsights_sitenote_note":"","_monsterinsights_sitenote_category":0,"footnotes":""},"class_list":["post-8","page","type-page","status-publish","has-post-thumbnail","hentry"],"aioseo_notices":[],"_links":{"self":[{"href":"https:\/\/natbios.org\/index.php\/wp-json\/wp\/v2\/pages\/8","targetHints":{"allow":["GET"]}}],"collection":[{"href":"https:\/\/natbios.org\/index.php\/wp-json\/wp\/v2\/pages"}],"about":[{"href":"https:\/\/natbios.org\/index.php\/wp-json\/wp\/v2\/types\/page"}],"author":[{"embeddable":true,"href":"https:\/\/natbios.org\/index.php\/wp-json\/wp\/v2\/users\/1"}],"replies":[{"embeddable":true,"href":"https:\/\/natbios.org\/index.php\/wp-json\/wp\/v2\/comments?post=8"}],"version-history":[{"count":58,"href":"https:\/\/natbios.org\/index.php\/wp-json\/wp\/v2\/pages\/8\/revisions"}],"predecessor-version":[{"id":512,"href":"https:\/\/natbios.org\/index.php\/wp-json\/wp\/v2\/pages\/8\/revisions\/512"}],"wp:featuredmedia":[{"embeddable":true,"href":"https:\/\/natbios.org\/index.php\/wp-json\/wp\/v2\/media\/73"}],"wp:attachment":[{"href":"https:\/\/natbios.org\/index.php\/wp-json\/wp\/v2\/media?parent=8"}],"curies":[{"name":"wp","href":"https:\/\/api.w.org\/{rel}","templated":true}]}}