{"id":44,"date":"2023-06-20T19:28:51","date_gmt":"2023-06-21T00:28:51","guid":{"rendered":"https:\/\/mujerforestal.com\/natbios\/?page_id=44"},"modified":"2023-07-05T13:16:58","modified_gmt":"2023-07-05T18:16:58","slug":"inicio","status":"publish","type":"page","link":"https:\/\/natbios.org\/","title":{"rendered":"Inicio"},"content":{"rendered":"\n\n\t<ul id=\"slideshowgallery1927\" class=\"slideshowgallery1927\" style=\"display:none;\">\n\t\t\t\t\t<!-- From all slides or gallery slides -->\n\t\t\t\t\t\t\t\n\t\t\t\t<li>\n\t\t\t\t\t<h3 style=\"opacity:70;\">Unidos Por Nuestra Casa Com\u00fan<\/h3>\n\t\t\t\t\t\t\t\t\t\t\t<span data-alt=\"unidos-por-nuestra-casa-comn\">https:\/\/natbios.org\/wp-content\/uploads\/2023\/06\/cropped-Colaboracion-e-integridad-1.png<\/span>\n\t\t\t\t\t\t\t\t\t\t<p>NatBios es una ONG colombiana cuya Misi\u00f3n es Trabajar en pro de las comunidades locales y la naturaleza, para detener la degradaci\u00f3n ambiental a partir de la construcci\u00f3n de estrategias sustentables basadas en las din\u00e1micas que emergen de las relaciones entre los sistemas sociales y ecol\u00f3gicos.<\/p>\n\t\t\t\t\t\t\t\t\t\t\t\t\t\t\t\t\t\t<a><\/a>\n\t\t\t\t\t\t\t\t\t\t\t\t\t\t\t<\/li>\n\t\t\t\t\t\t<\/ul>\n\t\n\t<div id=\"slideshow-wrappergallery1927\" class=\"slideshow-wrapper\">\n\t\t\t\n\t\t<div class=\"slideshow-fullsize\" id=\"fullsizegallery1927\">\n\t\t\t\t\t\t\t\t\t<a id=\"imglinkgallery1927\" class=\"slideshow-imglink imglink\"><!-- link --><\/a>\n\t\t\t\t\t\t<div id=\"imagegallery1927\" class=\"slideshow-image\"><\/div>\n\t\t\t<div class=\"slideshow-information infobottom\" id=\"informationgallery1927\">\n\t\t\t\t<h3 class=\"slideshow-info-heading\">info heading<\/h3>\n\t\t\t\t<p class=\"slideshow-info-content\">info content<\/p>\n\t\t\t<\/div>\n\t\t<\/div>\n\t\t\n\t\t\t<\/div>\n\t\n\t\n\t<!-- Slideshow Gallery Javascript BEG -->\t\t<script type=\"text\/javascript\">\tjQuery.noConflict();\ttid('slideshowgallery1927').style.display = \"none\";\ttid('slideshow-wrappergallery1927').style.display = 'block';\ttid('slideshow-wrappergallery1927').style.visibility = 'hidden';\tvar spinnerDiv = document.createElement('div');\tspinnerDiv.setAttribute('id', 'spinnergallery1927');\tspinnerDiv.innerHTML = '<i class=\"fa fa-cog fa-spin\"><\/i>';\tjQuery(spinnerDiv).appendTo('#fullsizegallery1927');\ttid('spinnergallery1927').style.visibility = 'visible';\tvar slideshowgallery1927 = new TINY.slideshow(\"slideshowgallery1927\");\tjQuery(document).ready(function() {\t\tslideshowgallery1927.auto = true;\t\tslideshowgallery1927.speed = 10;\t\tslideshowgallery1927.effect = \"fade\";\t\tslideshowgallery1927.slide_direction = \"lr\";\t\tslideshowgallery1927.easing = \"swing\";\t\tslideshowgallery1927.alwaysauto = true;\t\tslideshowgallery1927.autoheight = false;\t\tslideshowgallery1927.autoheight_max = false;\t\tslideshowgallery1927.imgSpeed = 20;\t\tslideshowgallery1927.navOpacity = 25;\t\tslideshowgallery1927.navHover = 75;\t\tslideshowgallery1927.letterbox = \"#000000\";\t\tslideshowgallery1927.linkclass = \"linkhover\";\t\tslideshowgallery1927.imagesid = \"imagesgallery1927\";\t\tslideshowgallery1927.info = \"informationgallery1927\";\t\tslideshowgallery1927.infoonhover = 0;\t\tslideshowgallery1927.infoSpeed = 10;\t\tslideshowgallery1927.infodelay = 0;\t\tslideshowgallery1927.infofade = 0;\t\tslideshowgallery1927.infofadedelay = 0;\t\tslideshowgallery1927.thumbs = \"\";\t\tslideshowgallery1927.thumbOpacity = 70;\t\tslideshowgallery1927.left = \"slideleftgallery1927\";\t\tslideshowgallery1927.right = \"sliderightgallery1927\";\t\tslideshowgallery1927.scrollSpeed = 5;\t\tslideshowgallery1927.spacing = 5;\t\tslideshowgallery1927.active = \"#ffffff\";\t\tslideshowgallery1927.imagesthickbox = \"false\";\t\tjQuery(\"#spinnergallery1927\").remove();\t\tslideshowgallery1927.init(\"slideshowgallery1927\",\"imagegallery1927\",\"\",\"\",\"imglinkgallery1927\");\t\ttid('slideshow-wrappergallery1927').style.visibility = 'visible';\t\tjQuery(window).trigger('resize');\t\t\t\t\t});\t\t\tjQuery(window).resize(function() {\t\t\tvar width = jQuery('#slideshow-wrappergallery1927').width();\t\t\tvar resheight = 50;\t\t\tvar height = Math.round(((resheight \/ 100) * width));\t\t\tjQuery('#fullsizegallery1927').height(height);\t\t});\t\t<\/script>\t\t<!-- Slideshow Gallery Javascript END --><!-- Slideshow Gallery CSS BEG --><style id=\"style-gallery1927\">\t\tul.slideshowgallery1927 { list-style:none !important; color:#fff; }\n\t\tul.slideshowgallery1927 span { display:none; }\n\t\t#slideshow-wrappergallery1927 { overflow: hidden; position:relative; width:100%; background:#000000; padding:0 0 0 0; border:1px solid #CCCCCC; margin:0; display:none; }\n\t\t#slideshow-wrappergallery1927 * { margin:0; padding:0; }\n\t\t#slideshow-wrappergallery1927 #fullsizegallery1927 { position:relative; z-index:1; overflow:hidden; width:100%; height:50%; clear:both; border: none; }\n\t\t#slideshow-wrappergallery1927 #informationgallery1927 { text-align:left; font-family:Verdana, Arial, Helvetica, sans-serif !important; position:absolute; width:100%; height:0; background:#000000; color:#FFFFFF; overflow:hidden; z-index:300; opacity:.7; filter:alpha(opacity=70); }\n\t\t#slideshow-wrappergallery1927 #informationgallery1927 h3 { color:#FFFFFF; padding:4px 8px 3px; margin:0 !important; font-size:16px; font-weight:bold; }\n\t\t#slideshow-wrappergallery1927 #informationgallery1927 a { color:#FFFFFF; }\n\t\t#slideshow-wrappergallery1927 #informationgallery1927 p { color:#FFFFFF; padding:0 8px 8px; margin:0 !important; font-size: 14px; font-weight:normal; }\n\t\t#slideshow-wrappergallery1927 .infotop { margin-bottom:8px !important; top:0!important; }\n\t\t#slideshow-wrappergallery1927 .infobottom { margin-top:8px !important; bottom:0!important; }\n\t\t\t\t\t#slideshow-wrappergallery1927 #imagegallery1927 { width:100%; }\n\t\t\t#slideshow-wrappergallery1927 #imagegallery1927 img { border:none; border-radius:0; box-shadow:none; position:absolute; height:auto; width:100%; margin:0 auto; display:block; }\n\t\t\t\t#slideshow-wrappergallery1927 .imgnav { position:absolute; width:25%; height:100%; cursor:pointer; z-index:250; }\n\t\t#slideshow-wrappergallery1927 #imgprevgallery1927:before { font-family:FontAwesome; content:\"\\f053\"; font-size:30px; color:white; visibility:visible; left:0; text-align:left; width: auto; height:auto; line-height:160%; top:50%; margin:-30px 0 0 0; border-radius:0 10px 10px 0; background:black; padding:3px 10px 0 10px; position: absolute; display: inline-block; \t}\n\t\t#slideshow-wrappergallery1927 #imgprevgallery1927 { display:none; -moz-user-select: none; -khtml-user-select: none; -webkit-user-select: none; -o-user-select: none; left:0; font-size:0px; }\n\t\t#slideshow-wrappergallery1927 #imgnextgallery1927:before { font-family:FontAwesome; content:\"\\f054\"; font-size:30px; color:white; visibility:visible; right:0; text-align:right; width: auto; height:auto; line-height:160%; top:50%; margin:-30px 0 0 0; border-radius:10px 0 0 10px; background:black; padding:3px 10px 0 10px; position: absolute; display: inline-block; }\n\t\t#slideshow-wrappergallery1927 #imgnextgallery1927 { display:none; -moz-user-select: none; -khtml-user-select: none; -webkit-user-select: none; -o-user-select: none; right:0; font-size:0px; }\n\t\t#slideshow-wrappergallery1927 #imglinkgallery1927 { position:absolute; zoom:1; background-color:#ffffff; height:100%; width:100%; left:0; z-index:149; opacity:0; filter:alpha(opacity=0); }\n\t\t#slideshow-wrappergallery1927 .linkhover:before { font-family:FontAwesome; content:\"\\f14c\"; font-size:30px; text-align:center; height:auto; line-height:160%; width:auto; top:50%; left:auto; right:auto; margin:-30px 0 0 0; padding:0px 12px; display: inline-block; position: relative; background:black; color:white; border-radius:10px; }\n\t\t#slideshow-wrappergallery1927 .linkhover { background:transparent !important; opacity:.4 !important; filter:alpha(opacity=40) !important; text-align:center; font-size:0px; }\n\t\t#slideshow-wrappergallery1927 #thumbnailsgallery1927 { background:#000000; height:89px; width:100%; position:relative; overflow:hidden; }\n\t\t#slideshow-wrappergallery1927 .thumbstop { margin-bottom:8px !important; }\n\t\t#slideshow-wrappergallery1927 .thumbsbot { margin-top:8px !important; }\n\t\t#slideshow-wrappergallery1927 #slideleftgallery1927:before { font-family:FontAwesome; content: \"\\f104\"; color:#999; position: absolute; height: auto; line-height:160%; width: auto; display: inline-block; top: 50%; font-size: 30px; margin: -30px 0 0 0; padding: 0 5px; }\n\t\t#slideshow-wrappergallery1927 #slideleftgallery1927 { text-align:left; float:left; position:absolute; left:0; z-index:150; width:20px; height:89px; background:#222; }\n\t\t#slideshow-wrappergallery1927 #slideleftgallery1927:hover { background-color:#333; }\n\t\t#slideshow-wrappergallery1927 #sliderightgallery1927:before { font-family:FontAwesome; content: \"\\f105\"; color:#999; position: absolute; height: auto; line-height:160%; width: auto; display: inline-block; top: 50%; font-size: 30px; margin: -30px 0 0 0; padding: 0 5px; }\n\t\t#slideshow-wrappergallery1927 #sliderightgallery1927 { text-align:left; float:right; position:absolute; right:0; z-index:150; width:20px; height:89px; background:#222; }\n\t\t#slideshow-wrappergallery1927 #sliderightgallery1927:hover { background-color:#333; }\n\t\t#slideshow-wrappergallery1927 #slideareagallery1927 { float:left; position:absolute; z-index:149; background:#000000; width:100%; margin:0; height:89px; overflow:hidden; }\n\t\t#slideshow-wrappergallery1927 #slidergallery1927 { position:absolute; width:171px !important; left:0; height:89px; padding:3px 20px 0 25px; }\n\t\t#slideshow-wrappergallery1927 #slidergallery1927 img { width:100px; height:75px; cursor:pointer; border:1px solid #666; padding:2px; float:left !important; }\n\t\t#slideshow-wrappergallery1927 #spinnergallery1927 { position:relative; top:50%; left:45%; text-align:left; font-size:30px; }\n\t\t#slideshow-wrappergallery1927 #spinnergallery1927 img { border:none; }\n\t\n\t\t\t\t@media (max-width:480px) { \t.slideshow-information { display: none !important; } }\n\t\t\t\t\t\t@media (max-width:480px) { \t.slideshow-thumbnails { display: none !important; } }\n\t\t\t<\/style><!-- Slideshow Gallery CSS END -->\n\n\n\n<p>Bienvenidos y bienvenidas a Fundaci\u00f3n NatBios.<\/p>\n","protected":false},"excerpt":{"rendered":"<p>Bienvenidos y bienvenidas a Fundaci\u00f3n NatBios.<\/p>\n","protected":false},"author":1,"featured_media":0,"parent":0,"menu_order":0,"comment_status":"closed","ping_status":"closed","template":"","meta":{"_monsterinsights_skip_tracking":false,"_monsterinsights_sitenote_active":false,"_monsterinsights_sitenote_note":"","_monsterinsights_sitenote_category":0,"footnotes":""},"class_list":["post-44","page","type-page","status-publish","hentry"],"aioseo_notices":[],"_links":{"self":[{"href":"https:\/\/natbios.org\/index.php\/wp-json\/wp\/v2\/pages\/44","targetHints":{"allow":["GET"]}}],"collection":[{"href":"https:\/\/natbios.org\/index.php\/wp-json\/wp\/v2\/pages"}],"about":[{"href":"https:\/\/natbios.org\/index.php\/wp-json\/wp\/v2\/types\/page"}],"author":[{"embeddable":true,"href":"https:\/\/natbios.org\/index.php\/wp-json\/wp\/v2\/users\/1"}],"replies":[{"embeddable":true,"href":"https:\/\/natbios.org\/index.php\/wp-json\/wp\/v2\/comments?post=44"}],"version-history":[{"count":3,"href":"https:\/\/natbios.org\/index.php\/wp-json\/wp\/v2\/pages\/44\/revisions"}],"predecessor-version":[{"id":49,"href":"https:\/\/natbios.org\/index.php\/wp-json\/wp\/v2\/pages\/44\/revisions\/49"}],"wp:attachment":[{"href":"https:\/\/natbios.org\/index.php\/wp-json\/wp\/v2\/media?parent=44"}],"curies":[{"name":"wp","href":"https:\/\/api.w.org\/{rel}","templated":true}]}}